{"id":1028,"date":"2026-01-15T11:29:42","date_gmt":"2026-01-15T10:29:42","guid":{"rendered":"https:\/\/ayreformacion.com\/?page_id=1028"},"modified":"2026-01-16T13:36:53","modified_gmt":"2026-01-16T12:36:53","slug":"noticias","status":"publish","type":"page","link":"https:\/\/ayreformacion.com\/en\/noticias\/","title":{"rendered":"Noticias"},"content":{"rendered":"<div data-elementor-type=\"wp-page\" data-elementor-id=\"1028\" class=\"elementor elementor-1028\" data-elementor-post-type=\"page\">\n\t\t\t\t<div class=\"elementor-element elementor-element-f2bf8d4 e-flex e-con-boxed e-con e-parent\" data-id=\"f2bf8d4\" data-element_type=\"container\" data-e-type=\"container\">\n\t\t\t\t\t<div class=\"e-con-inner\">\n\t\t\t\t<div class=\"elementor-element elementor-element-17091c6 elementor-widget elementor-widget-heading\" data-id=\"17091c6\" data-element_type=\"widget\" data-e-type=\"widget\" data-widget_type=\"heading.default\">\n\t\t\t\t\t<h2 class=\"elementor-heading-title elementor-size-default\">Listado de Noticias<\/h2>\t\t\t\t<\/div>\n\t\t\t\t<div class=\"elementor-element elementor-element-e44051a elementor-grid-3 elementor-grid-tablet-2 elementor-grid-mobile-1 elementor-posts--thumbnail-top elementor-widget elementor-widget-posts\" data-id=\"e44051a\" data-element_type=\"widget\" data-e-type=\"widget\" data-settings=\"{&quot;classic_columns&quot;:&quot;3&quot;,&quot;classic_columns_tablet&quot;:&quot;2&quot;,&quot;classic_columns_mobile&quot;:&quot;1&quot;,&quot;classic_row_gap&quot;:{&quot;unit&quot;:&quot;px&quot;,&quot;size&quot;:35,&quot;sizes&quot;:[]},&quot;classic_row_gap_tablet&quot;:{&quot;unit&quot;:&quot;px&quot;,&quot;size&quot;:&quot;&quot;,&quot;sizes&quot;:[]},&quot;classic_row_gap_mobile&quot;:{&quot;unit&quot;:&quot;px&quot;,&quot;size&quot;:&quot;&quot;,&quot;sizes&quot;:[]}}\" data-widget_type=\"posts.classic\">\n\t\t\t\t<div class=\"elementor-widget-container\">\n\t\t\t\t\t\t\t<div class=\"elementor-posts-container elementor-posts elementor-posts--skin-classic elementor-grid\" role=\"list\">\n\t\t\t\t<article class=\"elementor-post elementor-grid-item post-1657 post type-post status-publish format-standard has-post-thumbnail hentry category-noticias\" role=\"listitem\">\n\t\t\t\t<a class=\"elementor-post__thumbnail__link\" href=\"https:\/\/ayreformacion.com\/en\/la-transformacion-digital-abre-nuevas-oportunidades-en-el-ambito-administrativo\/\" tabindex=\"-1\">\n\t\t\t<div class=\"elementor-post__thumbnail\"><img fetchpriority=\"high\" decoding=\"async\" width=\"300\" height=\"192\" src=\"https:\/\/ayreformacion.com\/wp-content\/uploads\/2026\/04\/premium_photo-1661782054192-62f259b6b93c-300x192.jpg\" class=\"attachment-medium size-medium wp-image-1658\" alt=\"Profesional trabajando con ordenador en una oficina moderna\" srcset=\"https:\/\/ayreformacion.com\/wp-content\/uploads\/2026\/04\/premium_photo-1661782054192-62f259b6b93c-300x192.jpg 300w, https:\/\/ayreformacion.com\/wp-content\/uploads\/2026\/04\/premium_photo-1661782054192-62f259b6b93c-1024x656.jpg 1024w, https:\/\/ayreformacion.com\/wp-content\/uploads\/2026\/04\/premium_photo-1661782054192-62f259b6b93c-768x492.jpg 768w, https:\/\/ayreformacion.com\/wp-content\/uploads\/2026\/04\/premium_photo-1661782054192-62f259b6b93c-1536x984.jpg 1536w, https:\/\/ayreformacion.com\/wp-content\/uploads\/2026\/04\/premium_photo-1661782054192-62f259b6b93c-2048x1312.jpg 2048w, https:\/\/ayreformacion.com\/wp-content\/uploads\/2026\/04\/premium_photo-1661782054192-62f259b6b93c-18x12.jpg 18w\" sizes=\"(max-width: 300px) 100vw, 300px\" \/><\/div>\n\t\t<\/a>\n\t\t\t\t<div class=\"elementor-post__text\">\n\t\t\t\t<h3 class=\"elementor-post__title\">\n\t\t\t<a href=\"https:\/\/ayreformacion.com\/en\/la-transformacion-digital-abre-nuevas-oportunidades-en-el-ambito-administrativo\/\">\n\t\t\t\tLa transformaci\u00f3n digital abre nuevas oportunidades en el \u00e1mbito administrativo\t\t\t<\/a>\n\t\t<\/h3>\n\t\t\t\t<div class=\"elementor-post__meta-data\">\n\t\t\t\t\t<span class=\"elementor-post-date\">\n\t\t\t7 de April de 2026\t\t<\/span>\n\t\t\t\t<span class=\"elementor-post-avatar\">\n\t\t\tNo Comments\t\t<\/span>\n\t\t\t\t<\/div>\n\t\t\t\t<div class=\"elementor-post__excerpt\">\n\t\t\t<p>La digitalizaci\u00f3n est\u00e1 cambiando la forma de trabajar en todos los sectores y tambi\u00e9n en el \u00e1rea administrativa. Tal y como se\u00f1ala el SEPE en<\/p>\n\t\t<\/div>\n\t\t\n\t\t<a class=\"elementor-post__read-more\" href=\"https:\/\/ayreformacion.com\/en\/la-transformacion-digital-abre-nuevas-oportunidades-en-el-ambito-administrativo\/\" aria-label=\"Read more about La transformaci\u00f3n digital abre nuevas oportunidades en el \u00e1mbito administrativo\" tabindex=\"-1\">\n\t\t\tM\u00c1S INFORMACI\u00d3N \u00bb\t\t<\/a>\n\n\t\t\t\t<\/div>\n\t\t\t\t<\/article>\n\t\t\t\t<article class=\"elementor-post elementor-grid-item post-1650 post type-post status-publish format-standard has-post-thumbnail hentry category-sin-categoria category-noticias\" role=\"listitem\">\n\t\t\t\t<a class=\"elementor-post__thumbnail__link\" href=\"https:\/\/ayreformacion.com\/en\/una-historia-de-superacion-e-inclusion-para-cerrar-el-curso-de-acnee\/\" tabindex=\"-1\">\n\t\t\t<div class=\"elementor-post__thumbnail\"><img decoding=\"async\" width=\"300\" height=\"300\" src=\"https:\/\/ayreformacion.com\/wp-content\/uploads\/2026\/03\/WhatsApp-Image-2026-03-12-at-13.05.34-300x300.jpeg\" class=\"attachment-medium size-medium wp-image-1651\" alt=\"Hector florez en el cierre del curso ACNEE de Ayre\" srcset=\"https:\/\/ayreformacion.com\/wp-content\/uploads\/2026\/03\/WhatsApp-Image-2026-03-12-at-13.05.34-300x300.jpeg 300w, https:\/\/ayreformacion.com\/wp-content\/uploads\/2026\/03\/WhatsApp-Image-2026-03-12-at-13.05.34-1024x1024.jpeg 1024w, https:\/\/ayreformacion.com\/wp-content\/uploads\/2026\/03\/WhatsApp-Image-2026-03-12-at-13.05.34-150x150.jpeg 150w, https:\/\/ayreformacion.com\/wp-content\/uploads\/2026\/03\/WhatsApp-Image-2026-03-12-at-13.05.34-768x768.jpeg 768w, https:\/\/ayreformacion.com\/wp-content\/uploads\/2026\/03\/WhatsApp-Image-2026-03-12-at-13.05.34-12x12.jpeg 12w, https:\/\/ayreformacion.com\/wp-content\/uploads\/2026\/03\/WhatsApp-Image-2026-03-12-at-13.05.34.jpeg 1536w\" sizes=\"(max-width: 300px) 100vw, 300px\" \/><\/div>\n\t\t<\/a>\n\t\t\t\t<div class=\"elementor-post__text\">\n\t\t\t\t<h3 class=\"elementor-post__title\">\n\t\t\t<a href=\"https:\/\/ayreformacion.com\/en\/una-historia-de-superacion-e-inclusion-para-cerrar-el-curso-de-acnee\/\">\n\t\t\t\tUna historia de superaci\u00f3n e inclusi\u00f3n para cerrar el curso de ACNEE\t\t\t<\/a>\n\t\t<\/h3>\n\t\t\t\t<div class=\"elementor-post__meta-data\">\n\t\t\t\t\t<span class=\"elementor-post-date\">\n\t\t\t12 de March de 2026\t\t<\/span>\n\t\t\t\t<span class=\"elementor-post-avatar\">\n\t\t\tNo Comments\t\t<\/span>\n\t\t\t\t<\/div>\n\t\t\t\t<div class=\"elementor-post__excerpt\">\n\t\t\t<p>El curso de ACNEE en Ayre con una visita muy especial Hoy hemos tenido un dia muy especial en el curso de Atenci\u00f3n al Alumnado<\/p>\n\t\t<\/div>\n\t\t\n\t\t<a class=\"elementor-post__read-more\" href=\"https:\/\/ayreformacion.com\/en\/una-historia-de-superacion-e-inclusion-para-cerrar-el-curso-de-acnee\/\" aria-label=\"Read more about Una historia de superaci\u00f3n e inclusi\u00f3n para cerrar el curso de ACNEE\" tabindex=\"-1\">\n\t\t\tM\u00c1S INFORMACI\u00d3N \u00bb\t\t<\/a>\n\n\t\t\t\t<\/div>\n\t\t\t\t<\/article>\n\t\t\t\t<article class=\"elementor-post elementor-grid-item post-1634 post type-post status-publish format-standard has-post-thumbnail hentry category-noticias\" role=\"listitem\">\n\t\t\t\t<a class=\"elementor-post__thumbnail__link\" href=\"https:\/\/ayreformacion.com\/en\/dia-de-la-mujer-trabajadora\/\" tabindex=\"-1\">\n\t\t\t<div class=\"elementor-post__thumbnail\"><img decoding=\"async\" width=\"169\" height=\"300\" src=\"https:\/\/ayreformacion.com\/wp-content\/uploads\/2026\/03\/8m-169x300.jpg\" class=\"attachment-medium size-medium wp-image-1636\" alt=\"\" srcset=\"https:\/\/ayreformacion.com\/wp-content\/uploads\/2026\/03\/8m-169x300.jpg 169w, https:\/\/ayreformacion.com\/wp-content\/uploads\/2026\/03\/8m-576x1024.jpg 576w, https:\/\/ayreformacion.com\/wp-content\/uploads\/2026\/03\/8m-768x1365.jpg 768w, https:\/\/ayreformacion.com\/wp-content\/uploads\/2026\/03\/8m-864x1536.jpg 864w, https:\/\/ayreformacion.com\/wp-content\/uploads\/2026\/03\/8m-7x12.jpg 7w, https:\/\/ayreformacion.com\/wp-content\/uploads\/2026\/03\/8m.jpg 1080w\" sizes=\"(max-width: 169px) 100vw, 169px\" \/><\/div>\n\t\t<\/a>\n\t\t\t\t<div class=\"elementor-post__text\">\n\t\t\t\t<h3 class=\"elementor-post__title\">\n\t\t\t<a href=\"https:\/\/ayreformacion.com\/en\/dia-de-la-mujer-trabajadora\/\">\n\t\t\t\tD\u00eda de la mujer trabajadora\t\t\t<\/a>\n\t\t<\/h3>\n\t\t\t\t<div class=\"elementor-post__meta-data\">\n\t\t\t\t\t<span class=\"elementor-post-date\">\n\t\t\t6 de March de 2026\t\t<\/span>\n\t\t\t\t<span class=\"elementor-post-avatar\">\n\t\t\tNo Comments\t\t<\/span>\n\t\t\t\t<\/div>\n\t\t\t\t<div class=\"elementor-post__excerpt\">\n\t\t\t<p>Hoy no solo celebramos a la mujer.Hoy reconocemos su esfuerzo, su talento, su valent\u00eda y su lucha constante por abrir camino all\u00ed donde antes solo<\/p>\n\t\t<\/div>\n\t\t\n\t\t<a class=\"elementor-post__read-more\" href=\"https:\/\/ayreformacion.com\/en\/dia-de-la-mujer-trabajadora\/\" aria-label=\"Read more about D\u00eda de la mujer trabajadora\" tabindex=\"-1\">\n\t\t\tM\u00c1S INFORMACI\u00d3N \u00bb\t\t<\/a>\n\n\t\t\t\t<\/div>\n\t\t\t\t<\/article>\n\t\t\t\t<article class=\"elementor-post elementor-grid-item post-1141 post type-post status-publish format-standard hentry category-noticias\" role=\"listitem\">\n\t\t\t\t<div class=\"elementor-post__text\">\n\t\t\t\t<h3 class=\"elementor-post__title\">\n\t\t\t<a href=\"https:\/\/ayreformacion.com\/en\/nuevas-noticias-proximamente\/\">\n\t\t\t\tNuevas noticias pr\u00f3ximamente\t\t\t<\/a>\n\t\t<\/h3>\n\t\t\t\t<div class=\"elementor-post__meta-data\">\n\t\t\t\t\t<span class=\"elementor-post-date\">\n\t\t\t16 de January de 2026\t\t<\/span>\n\t\t\t\t<span class=\"elementor-post-avatar\">\n\t\t\tNo Comments\t\t<\/span>\n\t\t\t\t<\/div>\n\t\t\t\t<div class=\"elementor-post__excerpt\">\n\t\t\t<p>Bienvenidos a nuestro nuevo espacio de actualidad! Muy pronto, en esta secci\u00f3n encontrar\u00e1s todas las noticias relevantes sobre nuestro centro.<\/p>\n\t\t<\/div>\n\t\t\n\t\t<a class=\"elementor-post__read-more\" href=\"https:\/\/ayreformacion.com\/en\/nuevas-noticias-proximamente\/\" aria-label=\"Read more about Nuevas noticias pr\u00f3ximamente\" tabindex=\"-1\">\n\t\t\tM\u00c1S INFORMACI\u00d3N \u00bb\t\t<\/a>\n\n\t\t\t\t<\/div>\n\t\t\t\t<\/article>\n\t\t\t\t<\/div>\n\t\t\n\t\t\t\t\t\t<\/div>\n\t\t\t\t<\/div>\n\t\t\t\t\t<\/div>\n\t\t\t\t<\/div>\n\t\t<div class=\"elementor-element elementor-element-4e6cd3e e-flex e-con-boxed e-con e-parent\" data-id=\"4e6cd3e\" data-element_type=\"container\" data-e-type=\"container\">\n\t\t\t\t\t<div class=\"e-con-inner\">\n\t\t\t\t\t<\/div>\n\t\t\t\t<\/div>\n\t\t\t\t<\/div>","protected":false},"excerpt":{"rendered":"<p>Listado de Noticias<\/p>","protected":false},"author":1,"featured_media":0,"parent":0,"menu_order":0,"comment_status":"closed","ping_status":"closed","template":"","meta":{"footnotes":""},"class_list":["post-1028","page","type-page","status-publish","hentry"],"_links":{"self":[{"href":"https:\/\/ayreformacion.com\/en\/wp-json\/wp\/v2\/pages\/1028","targetHints":{"allow":["GET"]}}],"collection":[{"href":"https:\/\/ayreformacion.com\/en\/wp-json\/wp\/v2\/pages"}],"about":[{"href":"https:\/\/ayreformacion.com\/en\/wp-json\/wp\/v2\/types\/page"}],"author":[{"embeddable":true,"href":"https:\/\/ayreformacion.com\/en\/wp-json\/wp\/v2\/users\/1"}],"replies":[{"embeddable":true,"href":"https:\/\/ayreformacion.com\/en\/wp-json\/wp\/v2\/comments?post=1028"}],"version-history":[{"count":34,"href":"https:\/\/ayreformacion.com\/en\/wp-json\/wp\/v2\/pages\/1028\/revisions"}],"predecessor-version":[{"id":1513,"href":"https:\/\/ayreformacion.com\/en\/wp-json\/wp\/v2\/pages\/1028\/revisions\/1513"}],"wp:attachment":[{"href":"https:\/\/ayreformacion.com\/en\/wp-json\/wp\/v2\/media?parent=1028"}],"curies":[{"name":"wp","href":"https:\/\/api.w.org\/{rel}","templated":true}]}}