{"id":1312,"date":"2026-02-13T10:01:07","date_gmt":"2026-02-13T09:01:07","guid":{"rendered":"https:\/\/ayreformacion.com\/?page_id=1312"},"modified":"2026-02-25T08:07:53","modified_gmt":"2026-02-25T07:07:53","slug":"politica-de-calidad","status":"publish","type":"page","link":"https:\/\/ayreformacion.com\/en\/politica-de-calidad\/","title":{"rendered":"Pol\u00edtica de calidad"},"content":{"rendered":"<div data-elementor-type=\"wp-page\" data-elementor-id=\"1312\" class=\"elementor elementor-1312\" data-elementor-post-type=\"page\">\n\t\t\t\t<div class=\"elementor-element elementor-element-580f955c e-flex e-con-boxed e-con e-parent\" data-id=\"580f955c\" data-element_type=\"container\" data-e-type=\"container\">\n\t\t\t\t\t<div class=\"e-con-inner\">\n\t\t\t\t<div class=\"elementor-element elementor-element-6ac8acd8 elementor-widget elementor-widget-text-editor\" data-id=\"6ac8acd8\" data-element_type=\"widget\" data-e-type=\"widget\" data-widget_type=\"text-editor.default\">\n\t\t\t\t\t\t\t\t\t\n<p>ASOCIACI\u00d3N PARA EL APOYO INTEGRAL DE LAS PERSONAS conocido con el nombre comercial de AYRE dedicada a la<br \/>Formaci\u00f3n Profesional, tiene compromiso con la norma de calidad UNE-EN ISO 9001 y en consecuencia tiene<br \/>desarrollado un sistema basado en la gesti\u00f3n por procesos y muestra los siguientes compromisos:<\/p>\n\n<p>\u00b7 Nuestras actuaciones est\u00e1n dirigidas a la satisfacci\u00f3n de usuarios, clientes y partes interesadas.<\/p>\n\n<p>\u00b7 Velamos por el cumplimiento de los requisitos legales y reglamentarios, as\u00ed como otros requisitos contractuales.<\/p>\n\n<p>\u00b7 Buscamos la mejora continua de nuestros procesos.<\/p>\n\n<p>\u00b7 Todas las personas de la organizaci\u00f3n, implicadas de forma activa, conocemos y entendemos estos principios,<br \/>aplic\u00e1ndolos y mejor\u00e1ndolos a diario en el desarrollo de nuestras funciones.<\/p>\n\n<p>\u00b7 La revisi\u00f3n peri\u00f3dica de nuestros compromisos garantiza su adecuaci\u00f3n continua con los prop\u00f3sitos de la<br \/>organizaci\u00f3n.<\/p>\n\n<p>\u00b7 Nos comprometemos a planificar nuestros objetivos, teniendo como base los principios mencionados en esta<br \/>pol\u00edtica.<\/p>\n\n<p>\u00a0<\/p>\n\t\t\t\t\t\t\t\t<\/div>\n\t\t\t\t<div class=\"elementor-element elementor-element-efb7916 elementor-widget elementor-widget-button\" data-id=\"efb7916\" data-element_type=\"widget\" data-e-type=\"widget\" data-widget_type=\"button.default\">\n\t\t\t\t\t\t\t\t\t\t<a class=\"elementor-button elementor-button-link elementor-size-sm\" href=\"https:\/\/ayreformacion.com\/wp-content\/uploads\/2026\/02\/I0101-Politica-de-Calidad-GC.pdf\">\n\t\t\t\t\t\t<span class=\"elementor-button-content-wrapper\">\n\t\t\t\t\t\t\t\t\t<span class=\"elementor-button-text\">Pol\u00edtica de calidad<\/span>\n\t\t\t\t\t<\/span>\n\t\t\t\t\t<\/a>\n\t\t\t\t\t\t\t\t<\/div>\n\t\t\t\t\t<\/div>\n\t\t\t\t<\/div>\n\t\t<div class=\"elementor-element elementor-element-414d44e e-flex e-con-boxed e-con e-parent\" data-id=\"414d44e\" data-element_type=\"container\" data-e-type=\"container\">\n\t\t\t\t\t<div class=\"e-con-inner\">\n\t\t\t\t\t<\/div>\n\t\t\t\t<\/div>\n\t\t\t\t<\/div>","protected":false},"excerpt":{"rendered":"<p>ASOCIACI\u00d3N PARA EL APOYO INTEGRAL DE LAS PERSONAS conocido con el nombre comercial de AYRE dedicada a laFormaci\u00f3n Profesional, tiene compromiso con la norma de calidad UNE-EN ISO 9001 y en consecuencia tienedesarrollado un sistema basado en la gesti\u00f3n por procesos y muestra los siguientes compromisos: \u00b7 Nuestras actuaciones est\u00e1n dirigidas a la satisfacci\u00f3n de [&hellip;]<\/p>\n","protected":false},"author":1,"featured_media":0,"parent":0,"menu_order":0,"comment_status":"closed","ping_status":"closed","template":"","meta":{"footnotes":""},"class_list":["post-1312","page","type-page","status-publish","hentry"],"_links":{"self":[{"href":"https:\/\/ayreformacion.com\/en\/wp-json\/wp\/v2\/pages\/1312","targetHints":{"allow":["GET"]}}],"collection":[{"href":"https:\/\/ayreformacion.com\/en\/wp-json\/wp\/v2\/pages"}],"about":[{"href":"https:\/\/ayreformacion.com\/en\/wp-json\/wp\/v2\/types\/page"}],"author":[{"embeddable":true,"href":"https:\/\/ayreformacion.com\/en\/wp-json\/wp\/v2\/users\/1"}],"replies":[{"embeddable":true,"href":"https:\/\/ayreformacion.com\/en\/wp-json\/wp\/v2\/comments?post=1312"}],"version-history":[{"count":8,"href":"https:\/\/ayreformacion.com\/en\/wp-json\/wp\/v2\/pages\/1312\/revisions"}],"predecessor-version":[{"id":1441,"href":"https:\/\/ayreformacion.com\/en\/wp-json\/wp\/v2\/pages\/1312\/revisions\/1441"}],"wp:attachment":[{"href":"https:\/\/ayreformacion.com\/en\/wp-json\/wp\/v2\/media?parent=1312"}],"curies":[{"name":"wp","href":"https:\/\/api.w.org\/{rel}","templated":true}]}}