{"id":1401,"date":"2026-02-13T14:46:44","date_gmt":"2026-02-13T13:46:44","guid":{"rendered":"https:\/\/ayreformacion.com\/?page_id=1401"},"modified":"2026-02-16T08:46:19","modified_gmt":"2026-02-16T07:46:19","slug":"aviso-legal","status":"publish","type":"page","link":"https:\/\/ayreformacion.com\/en\/aviso-legal\/","title":{"rendered":"Aviso Legal"},"content":{"rendered":"<div data-elementor-type=\"wp-page\" data-elementor-id=\"1401\" class=\"elementor elementor-1401\" data-elementor-post-type=\"page\">\n\t\t\t\t<div class=\"elementor-element elementor-element-19e6ddd e-flex e-con-boxed e-con e-parent\" data-id=\"19e6ddd\" data-element_type=\"container\" data-e-type=\"container\">\n\t\t\t\t\t<div class=\"e-con-inner\">\n\t\t<div class=\"elementor-element elementor-element-f5eaaf7 e-con-full e-flex e-con e-child\" data-id=\"f5eaaf7\" data-element_type=\"container\" data-e-type=\"container\">\n\t\t\t\t<div class=\"elementor-element elementor-element-8f27085 elementor-widget elementor-widget-text-editor\" data-id=\"8f27085\" data-element_type=\"widget\" data-e-type=\"widget\" data-widget_type=\"text-editor.default\">\n\t\t\t\t\t\t\t\t\t<div class=\"elementor-element elementor-element-69279564 e-flex e-con-boxed e-con e-parent e-lazyloaded\" data-id=\"69279564\" data-element_type=\"container\"><div class=\"e-con-inner\"><div class=\"elementor-element elementor-element-523d95a elementor-widget__width-initial elementor-widget elementor-widget-text-editor\" data-id=\"523d95a\" data-element_type=\"widget\" data-widget_type=\"text-editor.default\"><div class=\"elementor-widget-container\"><p><b>Informaci\u00f3n general<\/b><\/p><p>En cumplimiento de lo dispuesto en la Ley de Servicios de la Sociedad de la Informaci\u00f3n y el Comercio Electr\u00f3nico (LSSI-CE) el titular del sitio web https:\/\/ayreformacion.com es Ayre S.L. con CIF G10740306 y domicilio sito en CALLE RAM\u00d3N PELAYO 39 39750 COLINDRES CANTABRIA. La entidad se encuentra inscrita en el Registro Mercantil con los siguientes datos de inscripci\u00f3n: SANTANDER MERCANTIL con fecha \/ \/ , n\u00famero de inscripci\u00f3n _ , tomo _, folio _, secci\u00f3n, hoja _.<\/p><p>Con \u00e1nimo de que el uso del sitio web se ajuste a criterios de transparencia, claridad y sencillez, el titular del sitio web informa al usuario de cualquier sugerencia, duda o consulta sobre el presente Aviso Legal o cualquier otro documento informativo del sitio web ser\u00e1 recibida y solucionada contactando a trav\u00e9s de la direcci\u00f3n de correo electr\u00f3nica: ayre.formaci\u00f3n@gmail.com<\/p><p><b>Propiedad intelectual<\/b><\/p><p>Todos los contenidos que se muestran en el presente sitio web, y en especial dise\u00f1os, textos, im\u00e1genes, logos, iconos, nombres comerciales, marcas o cualquier otra informaci\u00f3n susceptible de utilizaci\u00f3n industrial y\/o comercial est\u00e1n protegidos por los correspondientes derechos de autor, no permitiendo su reproducci\u00f3n, transmisi\u00f3n o registro de informaci\u00f3n salvo autorizaci\u00f3n previa del titular, no obstante, el usuario podr\u00e1 utilizar informaci\u00f3n facilitada para gestionar su pedido y los datos de contacto correspondientes.\u00a0<\/p><p><b>Enlaces<\/b><\/p><p>El titular del sitio web no asume ninguna responsabilidad sobre los enlaces hacia otros sitios o p\u00e1ginas web que, en su caso, pudieran incluirse en el mismo, ya que no tiene ning\u00fan tipo de control sobre los mismos, por lo que el usuario accede bajo su exclusiva responsabilidad al contenido y en las condiciones de uso que rijan en los mismos.<\/p><\/div><\/div><\/div><\/div>\t\t\t\t\t\t\t\t<\/div>\n\t\t\t\t<\/div>\n\t\t\t\t\t<\/div>\n\t\t\t\t<\/div>\n\t\t\t\t<\/div>","protected":false},"excerpt":{"rendered":"<p>Informaci\u00f3n general En cumplimiento de lo dispuesto en la Ley de Servicios de la Sociedad de la Informaci\u00f3n y el Comercio Electr\u00f3nico (LSSI-CE) el titular del sitio web https:\/\/ayreformacion.com es Ayre S.L. con CIF G10740306 y domicilio sito en CALLE RAM\u00d3N PELAYO 39 39750 COLINDRES CANTABRIA. La entidad se encuentra inscrita en el Registro Mercantil [&hellip;]<\/p>\n","protected":false},"author":1,"featured_media":0,"parent":0,"menu_order":0,"comment_status":"closed","ping_status":"closed","template":"","meta":{"footnotes":""},"class_list":["post-1401","page","type-page","status-publish","hentry"],"_links":{"self":[{"href":"https:\/\/ayreformacion.com\/en\/wp-json\/wp\/v2\/pages\/1401","targetHints":{"allow":["GET"]}}],"collection":[{"href":"https:\/\/ayreformacion.com\/en\/wp-json\/wp\/v2\/pages"}],"about":[{"href":"https:\/\/ayreformacion.com\/en\/wp-json\/wp\/v2\/types\/page"}],"author":[{"embeddable":true,"href":"https:\/\/ayreformacion.com\/en\/wp-json\/wp\/v2\/users\/1"}],"replies":[{"embeddable":true,"href":"https:\/\/ayreformacion.com\/en\/wp-json\/wp\/v2\/comments?post=1401"}],"version-history":[{"count":13,"href":"https:\/\/ayreformacion.com\/en\/wp-json\/wp\/v2\/pages\/1401\/revisions"}],"predecessor-version":[{"id":1433,"href":"https:\/\/ayreformacion.com\/en\/wp-json\/wp\/v2\/pages\/1401\/revisions\/1433"}],"wp:attachment":[{"href":"https:\/\/ayreformacion.com\/en\/wp-json\/wp\/v2\/media?parent=1401"}],"curies":[{"name":"wp","href":"https:\/\/api.w.org\/{rel}","templated":true}]}}