{"id":1412,"date":"2026-02-16T08:09:47","date_gmt":"2026-02-16T07:09:47","guid":{"rendered":"https:\/\/ayreformacion.com\/?page_id=1412"},"modified":"2026-02-16T08:17:00","modified_gmt":"2026-02-16T07:17:00","slug":"declaracion-de-accesibilidad","status":"publish","type":"page","link":"https:\/\/ayreformacion.com\/en\/declaracion-de-accesibilidad\/","title":{"rendered":"Accesibilidad"},"content":{"rendered":"<div data-elementor-type=\"wp-page\" data-elementor-id=\"1412\" class=\"elementor elementor-1412\" data-elementor-post-type=\"page\">\n\t\t\t\t<div class=\"elementor-element elementor-element-1ef7968a e-flex e-con-boxed e-con e-parent\" data-id=\"1ef7968a\" data-element_type=\"container\" data-e-type=\"container\">\n\t\t\t\t\t<div class=\"e-con-inner\">\n\t\t\t\t<div class=\"elementor-element elementor-element-a00eb11 elementor-widget-divider--view-line elementor-widget elementor-widget-divider\" data-id=\"a00eb11\" data-element_type=\"widget\" data-e-type=\"widget\" data-widget_type=\"divider.default\">\n\t\t\t\t\t\t\t<div class=\"elementor-divider\">\n\t\t\t<span class=\"elementor-divider-separator\">\n\t\t\t\t\t\t<\/span>\n\t\t<\/div>\n\t\t\t\t\t\t<\/div>\n\t\t\t\t<div class=\"elementor-element elementor-element-74f25a18 elementor-widget elementor-widget-text-editor\" data-id=\"74f25a18\" data-element_type=\"widget\" data-e-type=\"widget\" data-widget_type=\"text-editor.default\">\n\t\t\t\t\t\t\t\t\t\n<p>Ayre, S.L. se ha comprometido a hacer accesible su sitio web, de conformidad con normativa WCAG 2.1 en materia de accesibilidad y que se utiliza como evidencia de la justificaci\u00f3n del criterio de accesibilidad del Programa Kit Digital. Est\u00e1 estructurado conforme a los anexos de la norma UNE-EN 301 549:2022.<br \/>La presente declaraci\u00f3n de accesibilidad se aplica al sitio web Lpense\u00f1arte.es<\/p>\n\n<p>\u00a0<\/p>\n\t\t\t\t\t\t\t\t<\/div>\n\t\t\t\t\t<\/div>\n\t\t\t\t<\/div>\n\t\t<div class=\"elementor-element elementor-element-87b4f48 e-flex e-con-boxed e-con e-parent\" data-id=\"87b4f48\" data-element_type=\"container\" data-e-type=\"container\">\n\t\t\t\t\t<div class=\"e-con-inner\">\n\t\t\t\t\t<\/div>\n\t\t\t\t<\/div>\n\t\t\t\t<\/div>","protected":false},"excerpt":{"rendered":"<p>Ayre, S.L. se ha comprometido a hacer accesible su sitio web, de conformidad con normativa WCAG 2.1 en materia de accesibilidad y que se utiliza como evidencia de la justificaci\u00f3n del criterio de accesibilidad del Programa Kit Digital. Est\u00e1 estructurado conforme a los anexos de la norma UNE-EN 301 549:2022.La presente declaraci\u00f3n de accesibilidad se [&hellip;]<\/p>\n","protected":false},"author":1,"featured_media":0,"parent":0,"menu_order":0,"comment_status":"closed","ping_status":"closed","template":"","meta":{"footnotes":""},"class_list":["post-1412","page","type-page","status-publish","hentry"],"_links":{"self":[{"href":"https:\/\/ayreformacion.com\/en\/wp-json\/wp\/v2\/pages\/1412","targetHints":{"allow":["GET"]}}],"collection":[{"href":"https:\/\/ayreformacion.com\/en\/wp-json\/wp\/v2\/pages"}],"about":[{"href":"https:\/\/ayreformacion.com\/en\/wp-json\/wp\/v2\/types\/page"}],"author":[{"embeddable":true,"href":"https:\/\/ayreformacion.com\/en\/wp-json\/wp\/v2\/users\/1"}],"replies":[{"embeddable":true,"href":"https:\/\/ayreformacion.com\/en\/wp-json\/wp\/v2\/comments?post=1412"}],"version-history":[{"count":6,"href":"https:\/\/ayreformacion.com\/en\/wp-json\/wp\/v2\/pages\/1412\/revisions"}],"predecessor-version":[{"id":1420,"href":"https:\/\/ayreformacion.com\/en\/wp-json\/wp\/v2\/pages\/1412\/revisions\/1420"}],"wp:attachment":[{"href":"https:\/\/ayreformacion.com\/en\/wp-json\/wp\/v2\/media?parent=1412"}],"curies":[{"name":"wp","href":"https:\/\/api.w.org\/{rel}","templated":true}]}}