{"id":258,"date":"2025-10-13T09:33:06","date_gmt":"2025-10-13T07:33:06","guid":{"rendered":"https:\/\/ayreformacion.com\/?page_id=258"},"modified":"2026-02-25T09:46:28","modified_gmt":"2026-02-25T08:46:28","slug":"cursos-online","status":"publish","type":"page","link":"https:\/\/ayreformacion.com\/en\/cursos-online\/","title":{"rendered":"Cursos Online"},"content":{"rendered":"<div data-elementor-type=\"wp-page\" data-elementor-id=\"258\" class=\"elementor elementor-258\" data-elementor-post-type=\"page\">\n\t\t\t\t<div class=\"elementor-element elementor-element-7dfd866c e-flex e-con-boxed e-con e-parent\" data-id=\"7dfd866c\" data-element_type=\"container\" data-e-type=\"container\">\n\t\t\t\t\t<div class=\"e-con-inner\">\n\t\t\t\t<div class=\"elementor-element elementor-element-6f4597a elementor-widget elementor-widget-heading\" data-id=\"6f4597a\" data-element_type=\"widget\" data-e-type=\"widget\" data-widget_type=\"heading.default\">\n\t\t\t\t\t<h2 class=\"elementor-heading-title elementor-size-default\">Listado de cursos<\/h2>\t\t\t\t<\/div>\n\t\t\t\t<div class=\"elementor-element elementor-element-35d8c1cb elementor-grid-3 elementor-grid-tablet-2 elementor-grid-mobile-1 elementor-posts--thumbnail-top elementor-card-shadow-yes elementor-posts__hover-gradient elementor-widget elementor-widget-posts\" data-id=\"35d8c1cb\" data-element_type=\"widget\" data-e-type=\"widget\" data-settings=\"{&quot;pagination_type&quot;:&quot;numbers_and_prev_next&quot;,&quot;cards_columns&quot;:&quot;3&quot;,&quot;cards_columns_tablet&quot;:&quot;2&quot;,&quot;cards_columns_mobile&quot;:&quot;1&quot;,&quot;cards_row_gap&quot;:{&quot;unit&quot;:&quot;px&quot;,&quot;size&quot;:35,&quot;sizes&quot;:[]},&quot;cards_row_gap_tablet&quot;:{&quot;unit&quot;:&quot;px&quot;,&quot;size&quot;:&quot;&quot;,&quot;sizes&quot;:[]},&quot;cards_row_gap_mobile&quot;:{&quot;unit&quot;:&quot;px&quot;,&quot;size&quot;:&quot;&quot;,&quot;sizes&quot;:[]}}\" data-widget_type=\"posts.cards\">\n\t\t\t\t<div class=\"elementor-widget-container\">\n\t\t\t\t\t\t\t<div class=\"elementor-posts-container elementor-posts elementor-posts--skin-cards elementor-grid\" role=\"list\">\n\t\t\t\t<article class=\"elementor-post elementor-grid-item post-1071 post type-post status-publish format-standard hentry category-online category-formacion-competencias-transversales tag-activos tag-online\" role=\"listitem\">\n\t\t\t<div class=\"elementor-post__card\">\n\t\t\t\t<div class=\"elementor-post__text\">\n\t\t\t\t<h3 class=\"elementor-post__title\">\n\t\t\t<a href=\"https:\/\/ayreformacion.com\/en\/la-igualdad-entre-hombres-y-mujeres-en-la-negociacion-colectiva-planes-deigualdad-sscg050po\/\" >\n\t\t\t\tLa igualdad entre hombres y mujeres en la negociaci\u00f3n colectiva: planes deigualdad(SSCG050PO)\t\t\t<\/a>\n\t\t<\/h3>\n\t\t\n\t\t<a class=\"elementor-post__read-more\" href=\"https:\/\/ayreformacion.com\/en\/la-igualdad-entre-hombres-y-mujeres-en-la-negociacion-colectiva-planes-deigualdad-sscg050po\/\" aria-label=\"Read more about La igualdad entre hombres y mujeres en la negociaci\u00f3n colectiva: planes deigualdad(SSCG050PO)\" tabindex=\"-1\" >\n\t\t\tM\u00e1s informaci\u00f3n \u00bb\t\t<\/a>\n\n\t\t\t\t<\/div>\n\t\t\t\t<div class=\"elementor-post__meta-data\">\n\t\t\t\t\t<span class=\"elementor-post-date\">\n\t\t\t15 de January de 2026\t\t<\/span>\n\t\t\t\t<\/div>\n\t\t\t\t\t<\/div>\n\t\t<\/article>\n\t\t\t\t<article class=\"elementor-post elementor-grid-item post-1069 post type-post status-publish format-standard hentry category-online category-formacion-competencias-transversales tag-activos tag-online\" role=\"listitem\">\n\t\t\t<div class=\"elementor-post__card\">\n\t\t\t\t<div class=\"elementor-post__text\">\n\t\t\t\t<h3 class=\"elementor-post__title\">\n\t\t\t<a href=\"https:\/\/ayreformacion.com\/en\/difusion-y-sensibilizacion-en-materia-de-violencia-de-genero-sscg028po\/\" >\n\t\t\t\tDifusi\u00f3n y sensibilizaci\u00f3n en materia de violencia de g\u00e9nero (SSCG028PO)\t\t\t<\/a>\n\t\t<\/h3>\n\t\t\n\t\t<a class=\"elementor-post__read-more\" href=\"https:\/\/ayreformacion.com\/en\/difusion-y-sensibilizacion-en-materia-de-violencia-de-genero-sscg028po\/\" aria-label=\"Read more about Difusi\u00f3n y sensibilizaci\u00f3n en materia de violencia de g\u00e9nero (SSCG028PO)\" tabindex=\"-1\" >\n\t\t\tM\u00e1s informaci\u00f3n \u00bb\t\t<\/a>\n\n\t\t\t\t<\/div>\n\t\t\t\t<div class=\"elementor-post__meta-data\">\n\t\t\t\t\t<span class=\"elementor-post-date\">\n\t\t\t15 de January de 2026\t\t<\/span>\n\t\t\t\t<\/div>\n\t\t\t\t\t<\/div>\n\t\t<\/article>\n\t\t\t\t<article class=\"elementor-post elementor-grid-item post-1067 post type-post status-publish format-standard hentry category-online category-formacion-competencias-transversales tag-activos tag-online\" role=\"listitem\">\n\t\t\t<div class=\"elementor-post__card\">\n\t\t\t\t<div class=\"elementor-post__text\">\n\t\t\t\t<h3 class=\"elementor-post__title\">\n\t\t\t<a href=\"https:\/\/ayreformacion.com\/en\/iniciacion-a-la-aplicacion-de-las-nuevas-tecnologias-en-las-empresas-fco109\/\" >\n\t\t\t\tIniciaci\u00f3n a la aplicaci\u00f3n de las nuevas tecnolog\u00edas en las empresas (FCO109)\t\t\t<\/a>\n\t\t<\/h3>\n\t\t\n\t\t<a class=\"elementor-post__read-more\" href=\"https:\/\/ayreformacion.com\/en\/iniciacion-a-la-aplicacion-de-las-nuevas-tecnologias-en-las-empresas-fco109\/\" aria-label=\"Read more about Iniciaci\u00f3n a la aplicaci\u00f3n de las nuevas tecnolog\u00edas en las empresas (FCO109)\" tabindex=\"-1\" >\n\t\t\tM\u00e1s informaci\u00f3n \u00bb\t\t<\/a>\n\n\t\t\t\t<\/div>\n\t\t\t\t<div class=\"elementor-post__meta-data\">\n\t\t\t\t\t<span class=\"elementor-post-date\">\n\t\t\t15 de January de 2026\t\t<\/span>\n\t\t\t\t<\/div>\n\t\t\t\t\t<\/div>\n\t\t<\/article>\n\t\t\t\t<article class=\"elementor-post elementor-grid-item post-1065 post type-post status-publish format-standard hentry category-online category-formacion-competencias-transversales tag-activos tag-online\" role=\"listitem\">\n\t\t\t<div class=\"elementor-post__card\">\n\t\t\t\t<div class=\"elementor-post__text\">\n\t\t\t\t<h3 class=\"elementor-post__title\">\n\t\t\t<a href=\"https:\/\/ayreformacion.com\/en\/la-representacion-legal-de-los-trabajadores-y-el-proceso-electoral-adgd170po\/\" >\n\t\t\t\tLa representaci\u00f3n legal de los trabajadores y el proceso electoral (ADGD170PO)\t\t\t<\/a>\n\t\t<\/h3>\n\t\t\n\t\t<a class=\"elementor-post__read-more\" href=\"https:\/\/ayreformacion.com\/en\/la-representacion-legal-de-los-trabajadores-y-el-proceso-electoral-adgd170po\/\" aria-label=\"Read more about La representaci\u00f3n legal de los trabajadores y el proceso electoral (ADGD170PO)\" tabindex=\"-1\" >\n\t\t\tM\u00e1s informaci\u00f3n \u00bb\t\t<\/a>\n\n\t\t\t\t<\/div>\n\t\t\t\t<div class=\"elementor-post__meta-data\">\n\t\t\t\t\t<span class=\"elementor-post-date\">\n\t\t\t15 de January de 2026\t\t<\/span>\n\t\t\t\t<\/div>\n\t\t\t\t\t<\/div>\n\t\t<\/article>\n\t\t\t\t<article class=\"elementor-post elementor-grid-item post-1063 post type-post status-publish format-standard hentry category-online category-formacion-competencias-transversales tag-activos tag-online\" role=\"listitem\">\n\t\t\t<div class=\"elementor-post__card\">\n\t\t\t\t<div class=\"elementor-post__text\">\n\t\t\t\t<h3 class=\"elementor-post__title\">\n\t\t\t<a href=\"https:\/\/ayreformacion.com\/en\/dirigir-equipos-de-trabajo-en-entornos-virtuales-adgd0003\/\" >\n\t\t\t\tDirigir equipos de trabajo en entornos virtuales (ADGD0003)\t\t\t<\/a>\n\t\t<\/h3>\n\t\t\n\t\t<a class=\"elementor-post__read-more\" href=\"https:\/\/ayreformacion.com\/en\/dirigir-equipos-de-trabajo-en-entornos-virtuales-adgd0003\/\" aria-label=\"Read more about Dirigir equipos de trabajo en entornos virtuales (ADGD0003)\" tabindex=\"-1\" >\n\t\t\tM\u00e1s informaci\u00f3n \u00bb\t\t<\/a>\n\n\t\t\t\t<\/div>\n\t\t\t\t<div class=\"elementor-post__meta-data\">\n\t\t\t\t\t<span class=\"elementor-post-date\">\n\t\t\t15 de January de 2026\t\t<\/span>\n\t\t\t\t<\/div>\n\t\t\t\t\t<\/div>\n\t\t<\/article>\n\t\t\t\t<article class=\"elementor-post elementor-grid-item post-1061 post type-post status-publish format-standard hentry category-online category-formacion-competencias-transversales tag-activos tag-online\" role=\"listitem\">\n\t\t\t<div class=\"elementor-post__card\">\n\t\t\t\t<div class=\"elementor-post__text\">\n\t\t\t\t<h3 class=\"elementor-post__title\">\n\t\t\t<a href=\"https:\/\/ayreformacion.com\/en\/nominas-adgd0071\/\" >\n\t\t\t\tN\u00f3minas (ADGD0071)\t\t\t<\/a>\n\t\t<\/h3>\n\t\t\n\t\t<a class=\"elementor-post__read-more\" href=\"https:\/\/ayreformacion.com\/en\/nominas-adgd0071\/\" aria-label=\"Read more about N\u00f3minas (ADGD0071)\" tabindex=\"-1\" >\n\t\t\tM\u00e1s informaci\u00f3n \u00bb\t\t<\/a>\n\n\t\t\t\t<\/div>\n\t\t\t\t<div class=\"elementor-post__meta-data\">\n\t\t\t\t\t<span class=\"elementor-post-date\">\n\t\t\t15 de January de 2026\t\t<\/span>\n\t\t\t\t<\/div>\n\t\t\t\t\t<\/div>\n\t\t<\/article>\n\t\t\t\t<article class=\"elementor-post elementor-grid-item post-1059 post type-post status-publish format-standard hentry category-online category-formacion-competencias-transversales tag-activos tag-online\" role=\"listitem\">\n\t\t\t<div class=\"elementor-post__card\">\n\t\t\t\t<div class=\"elementor-post__text\">\n\t\t\t\t<h3 class=\"elementor-post__title\">\n\t\t\t<a href=\"https:\/\/ayreformacion.com\/en\/la-representacion-legal-de-los-trabajadores-en-el-ambito-laboral-adgd169po\/\" >\n\t\t\t\tLa representaci\u00f3n legal de los trabajadores en el \u00e1mbito laboral (ADGD169PO)\t\t\t<\/a>\n\t\t<\/h3>\n\t\t\n\t\t<a class=\"elementor-post__read-more\" href=\"https:\/\/ayreformacion.com\/en\/la-representacion-legal-de-los-trabajadores-en-el-ambito-laboral-adgd169po\/\" aria-label=\"Read more about La representaci\u00f3n legal de los trabajadores en el \u00e1mbito laboral (ADGD169PO)\" tabindex=\"-1\" >\n\t\t\tM\u00e1s informaci\u00f3n \u00bb\t\t<\/a>\n\n\t\t\t\t<\/div>\n\t\t\t\t<div class=\"elementor-post__meta-data\">\n\t\t\t\t\t<span class=\"elementor-post-date\">\n\t\t\t15 de January de 2026\t\t<\/span>\n\t\t\t\t<\/div>\n\t\t\t\t\t<\/div>\n\t\t<\/article>\n\t\t\t\t<article class=\"elementor-post elementor-grid-item post-1057 post type-post status-publish format-standard hentry category-online category-formacion-competencias-transversales tag-activos tag-online\" role=\"listitem\">\n\t\t\t<div class=\"elementor-post__card\">\n\t\t\t\t<div class=\"elementor-post__text\">\n\t\t\t\t<h3 class=\"elementor-post__title\">\n\t\t\t<a href=\"https:\/\/ayreformacion.com\/en\/escribir-con-exito-y-de-manera-persuasiva-en-empresas-adgg117po\/\" >\n\t\t\t\tEscribir con \u00e9xito y de manera persuasiva en empresas (ADGG117PO)\t\t\t<\/a>\n\t\t<\/h3>\n\t\t\n\t\t<a class=\"elementor-post__read-more\" href=\"https:\/\/ayreformacion.com\/en\/escribir-con-exito-y-de-manera-persuasiva-en-empresas-adgg117po\/\" aria-label=\"Read more about Escribir con \u00e9xito y de manera persuasiva en empresas (ADGG117PO)\" tabindex=\"-1\" >\n\t\t\tM\u00e1s informaci\u00f3n \u00bb\t\t<\/a>\n\n\t\t\t\t<\/div>\n\t\t\t\t<div class=\"elementor-post__meta-data\">\n\t\t\t\t\t<span class=\"elementor-post-date\">\n\t\t\t15 de January de 2026\t\t<\/span>\n\t\t\t\t<\/div>\n\t\t\t\t\t<\/div>\n\t\t<\/article>\n\t\t\t\t<article class=\"elementor-post elementor-grid-item post-1055 post type-post status-publish format-standard hentry category-online category-formacion-autonomos tag-activos tag-online\" role=\"listitem\">\n\t\t\t<div class=\"elementor-post__card\">\n\t\t\t\t<div class=\"elementor-post__text\">\n\t\t\t\t<h3 class=\"elementor-post__title\">\n\t\t\t<a href=\"https:\/\/ayreformacion.com\/en\/definicion-de-estrategias-de-mercado-comm46\/\" >\n\t\t\t\tDefinici\u00f3n de estrategias de mercado (COMM46)\t\t\t<\/a>\n\t\t<\/h3>\n\t\t\n\t\t<a class=\"elementor-post__read-more\" href=\"https:\/\/ayreformacion.com\/en\/definicion-de-estrategias-de-mercado-comm46\/\" aria-label=\"Read more about Definici\u00f3n de estrategias de mercado (COMM46)\" tabindex=\"-1\" >\n\t\t\tM\u00e1s informaci\u00f3n \u00bb\t\t<\/a>\n\n\t\t\t\t<\/div>\n\t\t\t\t<div class=\"elementor-post__meta-data\">\n\t\t\t\t\t<span class=\"elementor-post-date\">\n\t\t\t15 de January de 2026\t\t<\/span>\n\t\t\t\t<\/div>\n\t\t\t\t\t<\/div>\n\t\t<\/article>\n\t\t\t\t<\/div>\n\t\t\n\t\t\t\t<div class=\"e-load-more-anchor\" data-page=\"1\" data-max-page=\"4\" data-next-page=\"https:\/\/ayreformacion.com\/en\/wp-json\/wp\/v2\/pages\/258\/page\/2\/\"><\/div>\n\t\t\t\t<nav class=\"elementor-pagination\" aria-label=\"Pagination\">\n\t\t\t<span class=\"page-numbers prev\">&laquo; Anterior<\/span>\n<span aria-current=\"page\" class=\"page-numbers current\"><span class=\"elementor-screen-only\">Page<\/span>1<\/span>\n<a class=\"page-numbers\" href=\"https:\/\/ayreformacion.com\/en\/wp-json\/wp\/v2\/pages\/258\/page\/2\/\"><span class=\"elementor-screen-only\">Page<\/span>2<\/a>\n<a class=\"page-numbers\" href=\"https:\/\/ayreformacion.com\/en\/wp-json\/wp\/v2\/pages\/258\/page\/3\/\"><span class=\"elementor-screen-only\">Page<\/span>3<\/a>\n<a class=\"page-numbers\" href=\"https:\/\/ayreformacion.com\/en\/wp-json\/wp\/v2\/pages\/258\/page\/4\/\"><span class=\"elementor-screen-only\">Page<\/span>4<\/a>\n<a class=\"page-numbers next\" href=\"https:\/\/ayreformacion.com\/en\/wp-json\/wp\/v2\/pages\/258\/page\/2\/\">Siguiente &raquo;<\/a>\t\t<\/nav>\n\t\t\t\t\t\t<\/div>\n\t\t\t\t<\/div>\n\t\t\t\t\t<\/div>\n\t\t\t\t<\/div>\n\t\t\t\t<\/div>","protected":false},"excerpt":{"rendered":"<p>Listado de cursos<\/p>","protected":false},"author":1,"featured_media":0,"parent":0,"menu_order":0,"comment_status":"closed","ping_status":"closed","template":"elementor_header_footer","meta":{"footnotes":""},"class_list":["post-258","page","type-page","status-publish","hentry"],"_links":{"self":[{"href":"https:\/\/ayreformacion.com\/en\/wp-json\/wp\/v2\/pages\/258","targetHints":{"allow":["GET"]}}],"collection":[{"href":"https:\/\/ayreformacion.com\/en\/wp-json\/wp\/v2\/pages"}],"about":[{"href":"https:\/\/ayreformacion.com\/en\/wp-json\/wp\/v2\/types\/page"}],"author":[{"embeddable":true,"href":"https:\/\/ayreformacion.com\/en\/wp-json\/wp\/v2\/users\/1"}],"replies":[{"embeddable":true,"href":"https:\/\/ayreformacion.com\/en\/wp-json\/wp\/v2\/comments?post=258"}],"version-history":[{"count":37,"href":"https:\/\/ayreformacion.com\/en\/wp-json\/wp\/v2\/pages\/258\/revisions"}],"predecessor-version":[{"id":1507,"href":"https:\/\/ayreformacion.com\/en\/wp-json\/wp\/v2\/pages\/258\/revisions\/1507"}],"wp:attachment":[{"href":"https:\/\/ayreformacion.com\/en\/wp-json\/wp\/v2\/media?parent=258"}],"curies":[{"name":"wp","href":"https:\/\/api.w.org\/{rel}","templated":true}]}}